{"id":910,"date":"2026-03-19T23:43:39","date_gmt":"2026-03-19T23:43:39","guid":{"rendered":"https:\/\/himodeloic.com\/?page_id=910"},"modified":"2026-04-25T08:58:49","modified_gmt":"2026-04-25T08:58:49","slug":"what-is-moic","status":"publish","type":"page","link":"https:\/\/himodeloic.com\/tr\/what-is-moic\/","title":{"rendered":"MOIC Nedir?"},"content":{"rendered":"<div data-elementor-type=\"wp-page\" data-elementor-id=\"910\" class=\"elementor elementor-910\" data-elementor-post-type=\"page\">\n\t\t\t\t<div class=\"elementor-element elementor-element-2f39328 e-flex e-con-boxed e-con e-parent\" data-id=\"2f39328\" data-element_type=\"container\" data-e-type=\"container\">\n\t\t\t\t\t<div class=\"e-con-inner\">\n\t\t\t\t<div class=\"elementor-element elementor-element-fccf69e elementor-widget elementor-widget-spacer\" data-id=\"fccf69e\" data-element_type=\"widget\" data-e-type=\"widget\" data-widget_type=\"spacer.default\">\n\t\t\t\t\t\t\t<div class=\"elementor-spacer\">\n\t\t\t<div class=\"elementor-spacer-inner\"><\/div>\n\t\t<\/div>\n\t\t\t\t\t\t<\/div>\n\t\t\t\t<div class=\"elementor-element elementor-element-865f587 elementor-widget elementor-widget-text-editor\" data-id=\"865f587\" data-element_type=\"widget\" data-e-type=\"widget\" data-widget_type=\"text-editor.default\">\n\t\t\t\t\t\t\t\t\t<h2 class=\"elementor-heading-title elementor-size-default elementor-inline-editing pen\" style=\"color: #000000; font-family: Ubuntu, sans-serif; font-weight: 600; text-align: center;\" data-elementor-setting-key=\"title\" data-pen-placeholder=\"Type Here...\">What is <span style=\"color: #126612;\">MOIC?<\/span><\/h2>\t\t\t\t\t\t\t\t<\/div>\n\t\t\t\t<div class=\"elementor-element elementor-element-0db2ed2 elementor-widget elementor-widget-spacer\" data-id=\"0db2ed2\" data-element_type=\"widget\" data-e-type=\"widget\" data-widget_type=\"spacer.default\">\n\t\t\t\t\t\t\t<div class=\"elementor-spacer\">\n\t\t\t<div class=\"elementor-spacer-inner\"><\/div>\n\t\t<\/div>\n\t\t\t\t\t\t<\/div>\n\t\t\t\t\t<\/div>\n\t\t\t\t<\/div>\n\t\t<div class=\"elementor-element elementor-element-1647f5d e-flex e-con-boxed e-con e-parent\" data-id=\"1647f5d\" data-element_type=\"container\" data-e-type=\"container\">\n\t\t\t\t\t<div class=\"e-con-inner\">\n\t\t<div class=\"elementor-element elementor-element-5fdf735 e-con-full liquid-glass e-flex e-con e-child\" data-id=\"5fdf735\" data-element_type=\"container\" data-e-type=\"container\">\n\t\t\t\t<div class=\"elementor-element elementor-element-a747e93 elementor-widget elementor-widget-image\" data-id=\"a747e93\" data-element_type=\"widget\" data-e-type=\"widget\" data-widget_type=\"image.default\">\n\t\t\t\t\t\t\t\t\t\t\t\t\t\t\t<img fetchpriority=\"high\" decoding=\"async\" width=\"709\" height=\"486\" src=\"https:\/\/himodeloic.com\/wp-content\/uploads\/2026\/03\/OIC-Thumbnail.jpg\" class=\"attachment-large size-large wp-image-915\" alt=\"\" srcset=\"https:\/\/himodeloic.com\/wp-content\/uploads\/2026\/03\/OIC-Thumbnail.jpg 709w, https:\/\/himodeloic.com\/wp-content\/uploads\/2026\/03\/OIC-Thumbnail-300x206.jpg 300w\" sizes=\"(max-width: 709px) 100vw, 709px\" \/>\t\t\t\t\t\t\t\t\t\t\t\t\t\t\t<\/div>\n\t\t\t\t<\/div>\n\t\t\t\t\t<\/div>\n\t\t\t\t<\/div>\n\t\t<div class=\"elementor-element elementor-element-e97a522 e-flex e-con-boxed e-con e-parent\" data-id=\"e97a522\" data-element_type=\"container\" data-e-type=\"container\">\n\t\t\t\t\t<div class=\"e-con-inner\">\n\t\t\t\t<div class=\"elementor-element elementor-element-27d819a elementor-align-justify elementor-widget elementor-widget-button\" data-id=\"27d819a\" data-element_type=\"widget\" data-e-type=\"widget\" data-widget_type=\"button.default\">\n\t\t\t\t\t\t\t\t\t\t<a class=\"elementor-button elementor-button-link elementor-size-sm\" href=\"#\">\n\t\t\t\t\t\t<span class=\"elementor-button-content-wrapper\">\n\t\t\t\t\t\t<span class=\"elementor-button-icon\">\n\t\t\t\t<svg aria-hidden=\"true\" class=\"e-font-icon-svg e-fas-file-pdf\" viewbox=\"0 0 384 512\" xmlns=\"http:\/\/www.w3.org\/2000\/svg\"><path d=\"M181.9 256.1c-5-16-4.9-46.9-2-46.9 8.4 0 7.6 36.9 2 46.9zm-1.7 47.2c-7.7 20.2-17.3 43.3-28.4 62.7 18.3-7 39-17.2 62.9-21.9-12.7-9.6-24.9-23.4-34.5-40.8zM86.1 428.1c0 .8 13.2-5.4 34.9-40.2-6.7 6.3-29.1 24.5-34.9 40.2zM248 160h136v328c0 13.3-10.7 24-24 24H24c-13.3 0-24-10.7-24-24V24C0 10.7 10.7 0 24 0h200v136c0 13.2 10.8 24 24 24zm-8 171.8c-20-12.2-33.3-29-42.7-53.8 4.5-18.5 11.6-46.6 6.2-64.2-4.7-29.4-42.4-26.5-47.8-6.8-5 18.3-.4 44.1 8.1 77-11.6 27.6-28.7 64.6-40.8 85.8-.1 0-.1.1-.2.1-27.1 13.9-73.6 44.5-54.5 68 5.6 6.9 16 10 21.5 10 17.9 0 35.7-18 61.1-61.8 25.8-8.5 54.1-19.1 79-23.2 21.7 11.8 47.1 19.5 64 19.5 29.2 0 31.2-32 19.7-43.4-13.9-13.6-54.3-9.7-73.6-7.2zM377 105L279 7c-4.5-4.5-10.6-7-17-7h-6v128h128v-6.1c0-6.3-2.5-12.4-7-16.9zm-74.1 255.3c4.1-2.7-2.5-11.9-42.8-9 37.1 15.8 42.8 9 42.8 9z\"><\/path><\/svg>\t\t\t<\/span>\n\t\t\t\t\t\t\t\t\t<span class=\"elementor-button-text\">Download MOIC Workshop <\/span>\n\t\t\t\t\t<\/span>\n\t\t\t\t\t<\/a>\n\t\t\t\t\t\t\t\t<\/div>\n\t\t\t\t\t<\/div>\n\t\t\t\t<\/div>\n\t\t<div class=\"elementor-element elementor-element-c51469c e-flex e-con-boxed e-con e-parent\" data-id=\"c51469c\" data-element_type=\"container\" data-e-type=\"container\">\n\t\t\t\t\t<div class=\"e-con-inner\">\n\t\t\t\t<div class=\"elementor-element elementor-element-8f6be93 elementor-widget elementor-widget-spacer\" data-id=\"8f6be93\" data-element_type=\"widget\" data-e-type=\"widget\" data-widget_type=\"spacer.default\">\n\t\t\t\t\t\t\t<div class=\"elementor-spacer\">\n\t\t\t<div class=\"elementor-spacer-inner\"><\/div>\n\t\t<\/div>\n\t\t\t\t\t\t<\/div>\n\t\t\t\t<div class=\"elementor-element elementor-element-63a0b1e elementor-widget elementor-widget-text-editor\" data-id=\"63a0b1e\" data-element_type=\"widget\" data-e-type=\"widget\" data-widget_type=\"text-editor.default\">\n\t\t\t\t\t\t\t\t\t<h3 style=\"text-align: center;\"><b>Understanding the <span style=\"color: #126612;\">OIC<\/span><\/b><\/h3><p class=\"p3\" style=\"text-align: center;\">The <span class=\"s2\" style=\"color: #126612;\"><b>Organisation of Islamic Cooperation (OIC)<\/b> <\/span>is the second-largest intergovernmental organization in the world, representing <span class=\"s2\" style=\"color: #126612;\"><b>57 member states<\/b><\/span> across Asia, Africa, Europe, and the Middle East. Established in 1969, the OIC works to <span class=\"s2\" style=\"color: #126612;\"><b>promote solidarity, cooperation, and development among Muslim-majority countries<\/b><\/span>, covering areas such as political coordination, economic growth, education, science, culture, and humanitarian efforts.<\/p><p class=\"p4\" style=\"text-align: center;\"><span class=\"s3\">Through its activities, the OIC provides a platform for member states to <\/span><span style=\"color: #126612;\"><b>address common challenges, collaborate on global issues, and support each other\u2019s development<\/b><span class=\"s3\">.<\/span><\/span><\/p><h3 style=\"text-align: center;\">\u00a0<\/h3><h3 style=\"text-align: center;\"><b>What is <span style=\"color: #126612;\">MOIC<\/span>?<\/b><\/h3><p class=\"p3\" style=\"text-align: center;\">The <span style=\"color: #126612;\"><span class=\"s2\"><b>Model Organisation of Islamic Cooperation (MOIC)<\/b><\/span> is an <span class=\"s2\"><b>educational simulation of the OIC<\/b><\/span><\/span>, similar to a Model United Nations (MUN), but focused exclusively on <span class=\"s2\" style=\"color: #126612;\"><b>issues facing Islamic countries<\/b><\/span>. Participants step into the roles of diplomats and representatives of OIC member states, experiencing firsthand <span class=\"s2\" style=\"color: #126612;\"><b>how international diplomacy, negotiations, and decision-making work<\/b><\/span>.<\/p><p class=\"p3\" style=\"text-align: center;\">Students debate real-world topics, draft resolutions, and collaborate to propose actionable solutions to challenges in economics, social development, and international relations. Like MUN, MOIC emphasizes public speaking, critical thinking, negotiation, and leadership skills, but with a unique focus on the <span class=\"s2\" style=\"color: #126612;\"><b>OIC framework and Islamic countries\u2019 cooperation<\/b><\/span>.<\/p><h3 style=\"text-align: center;\">\u00a0<\/h3><h3 style=\"text-align: center;\"><b>MOIC <span style=\"color: #126612;\">History<\/span> and Ankara Program<\/b><\/h3><p class=\"p3\" style=\"text-align: center;\">The MOIC program was first organized by the OIC in <span class=\"s2\" style=\"color: #126612;\"><b>Istanbul<\/b><\/span>, bringing together students from member states to simulate the organization\u2019s real-world procedures. Today, the MOIC simulation in Ankara is organized through the <span class=\"s2\" style=\"color: #126612;\"><b>HIMOIC program<\/b><\/span> by the students of <span style=\"color: #126612;\"><a style=\"color: #126612;\" href=\"chatgpt:\/\/generic-entity?number=0\"><span class=\"s4\"><b>Uluslararas\u0131 Prof. Dr. Muhammed Hamidullah Anadolu \u0130mam Hatip Lisesi<\/b><\/span><\/a><span class=\"s2\"><b> (AIHL)<\/b><\/span>.<\/span><\/p><p class=\"p3\" style=\"text-align: center;\">It is supported by:<\/p><p class=\"p1\" style=\"text-align: center;\"><span class=\"s1\" style=\"color: #126612;\"><a style=\"color: #126612;\" href=\"chatgpt:\/\/generic-entity?number=1\"><b>Islamic Cooperation Youth Forum<\/b><\/a><\/span><b> (ICYF)<\/b><span class=\"s2\">, providing mentorship and guidance<\/span><\/p><p class=\"p1\" style=\"text-align: center;\"><b><span style=\"color: #126612;\">Directorate of Religious Education<\/span> (Din \u00d6\u011fretimi M\u00fcd\u00fcrl\u00fc\u011f\u00fc)<\/b><span class=\"s1\">, offering institutional backing<\/span><\/p><p class=\"p3\" style=\"text-align: center;\">This program allows students to <span class=\"s2\" style=\"color: #126612;\"><b>practice diplomacy in a realistic international setting<\/b><\/span>, developing skills in negotiation, teamwork, problem-solving, and leadership, while gaining a deeper understanding of issues affecting the Islamic world.<\/p><h3 style=\"text-align: center;\">\u00a0<\/h3><h3 style=\"text-align: center;\"><b>Why MOIC <span style=\"color: #126612;\">Matters<\/span><\/b><\/h3><p class=\"p3\" style=\"text-align: center;\">MOIC is more than a simulation\u2014it is a <span class=\"s2\" style=\"color: #126612;\"><b>hands-on learning experience<\/b><\/span>. Participants learn how decisions are made at the international level, engage with peers from diverse backgrounds, and develop the skills and confidence to <span class=\"s2\" style=\"color: #126612;\"><b>become future leaders in their communities, countries, and beyond<\/b><\/span>.<\/p>\t\t\t\t\t\t\t\t<\/div>\n\t\t\t\t\t<\/div>\n\t\t\t\t<\/div>\n\t\t<div class=\"elementor-element elementor-element-c367d5d e-flex e-con-boxed e-con e-parent\" data-id=\"c367d5d\" data-element_type=\"container\" data-e-type=\"container\">\n\t\t\t\t\t<div class=\"e-con-inner\">\n\t\t\t\t<div class=\"elementor-element elementor-element-80993ea elementor-align-justify elementor-widget elementor-widget-button\" data-id=\"80993ea\" data-element_type=\"widget\" data-e-type=\"widget\" data-widget_type=\"button.default\">\n\t\t\t\t\t\t\t\t\t\t<a class=\"elementor-button elementor-button-link elementor-size-sm\" href=\"#\">\n\t\t\t\t\t\t<span class=\"elementor-button-content-wrapper\">\n\t\t\t\t\t\t<span class=\"elementor-button-icon\">\n\t\t\t\t<svg aria-hidden=\"true\" class=\"e-font-icon-svg e-fas-file-pdf\" viewbox=\"0 0 384 512\" xmlns=\"http:\/\/www.w3.org\/2000\/svg\"><path d=\"M181.9 256.1c-5-16-4.9-46.9-2-46.9 8.4 0 7.6 36.9 2 46.9zm-1.7 47.2c-7.7 20.2-17.3 43.3-28.4 62.7 18.3-7 39-17.2 62.9-21.9-12.7-9.6-24.9-23.4-34.5-40.8zM86.1 428.1c0 .8 13.2-5.4 34.9-40.2-6.7 6.3-29.1 24.5-34.9 40.2zM248 160h136v328c0 13.3-10.7 24-24 24H24c-13.3 0-24-10.7-24-24V24C0 10.7 10.7 0 24 0h200v136c0 13.2 10.8 24 24 24zm-8 171.8c-20-12.2-33.3-29-42.7-53.8 4.5-18.5 11.6-46.6 6.2-64.2-4.7-29.4-42.4-26.5-47.8-6.8-5 18.3-.4 44.1 8.1 77-11.6 27.6-28.7 64.6-40.8 85.8-.1 0-.1.1-.2.1-27.1 13.9-73.6 44.5-54.5 68 5.6 6.9 16 10 21.5 10 17.9 0 35.7-18 61.1-61.8 25.8-8.5 54.1-19.1 79-23.2 21.7 11.8 47.1 19.5 64 19.5 29.2 0 31.2-32 19.7-43.4-13.9-13.6-54.3-9.7-73.6-7.2zM377 105L279 7c-4.5-4.5-10.6-7-17-7h-6v128h128v-6.1c0-6.3-2.5-12.4-7-16.9zm-74.1 255.3c4.1-2.7-2.5-11.9-42.8-9 37.1 15.8 42.8 9 42.8 9z\"><\/path><\/svg>\t\t\t<\/span>\n\t\t\t\t\t\t\t\t\t<span class=\"elementor-button-text\">Download MOIC Workshop <\/span>\n\t\t\t\t\t<\/span>\n\t\t\t\t\t<\/a>\n\t\t\t\t\t\t\t\t<\/div>\n\t\t\t\t\t<\/div>\n\t\t\t\t<\/div>\n\t\t<div class=\"elementor-element elementor-element-3f67273c e-flex e-con-boxed e-con e-parent\" data-id=\"3f67273c\" data-element_type=\"container\" data-e-type=\"container\" data-settings=\"{&quot;background_background&quot;:&quot;classic&quot;}\">\n\t\t\t\t\t<div class=\"e-con-inner\">\n\t\t<div class=\"elementor-element elementor-element-ae29793 e-con-full e-flex e-con e-child\" data-id=\"ae29793\" data-element_type=\"container\" data-e-type=\"container\">\n\t\t\t\t<div class=\"elementor-element elementor-element-4e55ecb elementor-widget elementor-widget-gallery\" data-id=\"4e55ecb\" data-element_type=\"widget\" data-e-type=\"widget\" data-settings=\"{&quot;gallery_layout&quot;:&quot;masonry&quot;,&quot;columns&quot;:2,&quot;gap&quot;:{&quot;unit&quot;:&quot;px&quot;,&quot;size&quot;:25,&quot;sizes&quot;:[]},&quot;columns_tablet&quot;:2,&quot;columns_mobile&quot;:1,&quot;gap_tablet&quot;:{&quot;unit&quot;:&quot;px&quot;,&quot;size&quot;:10,&quot;sizes&quot;:[]},&quot;gap_mobile&quot;:{&quot;unit&quot;:&quot;px&quot;,&quot;size&quot;:10,&quot;sizes&quot;:[]},&quot;overlay_background&quot;:&quot;yes&quot;,&quot;content_hover_animation&quot;:&quot;fade-in&quot;}\" data-widget_type=\"gallery.default\">\n\t\t\t\t\t\t\t<div class=\"elementor-gallery__container\">\n\t\t\t\t\t\t\t<div class=\"e-gallery-item elementor-gallery-item elementor-animated-content\">\n\t\t\t\t\t<div class=\"e-gallery-image elementor-gallery-item__image\" data-thumbnail=\"https:\/\/himodeloic.com\/wp-content\/uploads\/2026\/03\/Executive-Meeting-on-Afghanistan.jpg\" data-width=\"1023\" data-height=\"684\" aria-label=\"\" role=\"img\" ><\/div>\n\t\t\t\t\t\t\t\t\t\t\t<div class=\"elementor-gallery-item__overlay\"><\/div>\n\t\t\t\t\t\t\t\t\t\t\t\t\t\t<\/div>\n\t\t\t\t\t\t\t<div class=\"e-gallery-item elementor-gallery-item elementor-animated-content\">\n\t\t\t\t\t<div class=\"e-gallery-image elementor-gallery-item__image\" data-thumbnail=\"https:\/\/himodeloic.com\/wp-content\/uploads\/2026\/03\/Nov-10-2025-Screenshot-from-oic.jpg\" data-width=\"1080\" data-height=\"822\" aria-label=\"\" role=\"img\" ><\/div>\n\t\t\t\t\t\t\t\t\t\t\t<div class=\"elementor-gallery-item__overlay\"><\/div>\n\t\t\t\t\t\t\t\t\t\t\t\t\t\t<\/div>\n\t\t\t\t\t\t\t<div class=\"e-gallery-item elementor-gallery-item elementor-animated-content\">\n\t\t\t\t\t<div class=\"e-gallery-image elementor-gallery-item__image\" data-thumbnail=\"https:\/\/himodeloic.com\/wp-content\/uploads\/2026\/03\/OIC-Image.jpg\" data-width=\"670\" data-height=\"446\" aria-label=\"\" role=\"img\" ><\/div>\n\t\t\t\t\t\t\t\t\t\t\t<div class=\"elementor-gallery-item__overlay\"><\/div>\n\t\t\t\t\t\t\t\t\t\t\t\t\t\t<\/div>\n\t\t\t\t\t\t\t<div class=\"e-gallery-item elementor-gallery-item elementor-animated-content\">\n\t\t\t\t\t<div class=\"e-gallery-image elementor-gallery-item__image\" data-thumbnail=\"https:\/\/himodeloic.com\/wp-content\/uploads\/2026\/03\/OIC-May-6-2024.jpg\" data-width=\"960\" data-height=\"640\" aria-label=\"\" role=\"img\" ><\/div>\n\t\t\t\t\t\t\t\t\t\t\t<div class=\"elementor-gallery-item__overlay\"><\/div>\n\t\t\t\t\t\t\t\t\t\t\t\t\t\t<\/div>\n\t\t\t\t\t\t\t<div class=\"e-gallery-item elementor-gallery-item elementor-animated-content\">\n\t\t\t\t\t<div class=\"e-gallery-image elementor-gallery-item__image\" data-thumbnail=\"https:\/\/himodeloic.com\/wp-content\/uploads\/2026\/03\/Erdogan-OIC-Istanbul-scaled.jpg\" data-width=\"2560\" data-height=\"1704\" aria-label=\"\" role=\"img\" ><\/div>\n\t\t\t\t\t\t\t\t\t\t\t<div class=\"elementor-gallery-item__overlay\"><\/div>\n\t\t\t\t\t\t\t\t\t\t\t\t\t\t<\/div>\n\t\t\t\t\t\t\t<div class=\"e-gallery-item elementor-gallery-item elementor-animated-content\">\n\t\t\t\t\t<div class=\"e-gallery-image elementor-gallery-item__image\" data-thumbnail=\"https:\/\/himodeloic.com\/wp-content\/uploads\/2026\/03\/OIC.jpg\" data-width=\"519\" data-height=\"335\" aria-label=\"\" role=\"img\" ><\/div>\n\t\t\t\t\t\t\t\t\t\t\t<div class=\"elementor-gallery-item__overlay\"><\/div>\n\t\t\t\t\t\t\t\t\t\t\t\t\t\t<\/div>\n\t\t\t\t\t\t\t<div class=\"e-gallery-item elementor-gallery-item elementor-animated-content\">\n\t\t\t\t\t<div class=\"e-gallery-image elementor-gallery-item__image\" data-thumbnail=\"https:\/\/himodeloic.com\/wp-content\/uploads\/2026\/03\/OIC-image-1.jpg\" data-width=\"512\" data-height=\"349\" aria-label=\"\" role=\"img\" ><\/div>\n\t\t\t\t\t\t\t\t\t\t\t<div class=\"elementor-gallery-item__overlay\"><\/div>\n\t\t\t\t\t\t\t\t\t\t\t\t\t\t<\/div>\n\t\t\t\t\t\t\t<div class=\"e-gallery-item elementor-gallery-item elementor-animated-content\">\n\t\t\t\t\t<div class=\"e-gallery-image elementor-gallery-item__image\" data-thumbnail=\"https:\/\/himodeloic.com\/wp-content\/uploads\/2026\/03\/OIC.webp\" data-width=\"2103\" data-height=\"1183\" aria-label=\"\" role=\"img\" ><\/div>\n\t\t\t\t\t\t\t\t\t\t\t<div class=\"elementor-gallery-item__overlay\"><\/div>\n\t\t\t\t\t\t\t\t\t\t\t\t\t\t<\/div>\n\t\t\t\t\t\t\t<div class=\"e-gallery-item elementor-gallery-item elementor-animated-content\">\n\t\t\t\t\t<div class=\"e-gallery-image elementor-gallery-item__image\" data-thumbnail=\"https:\/\/himodeloic.com\/wp-content\/uploads\/2026\/03\/OIC-Image.jpeg\" data-width=\"670\" data-height=\"377\" aria-label=\"\" role=\"img\" ><\/div>\n\t\t\t\t\t\t\t\t\t\t\t<div class=\"elementor-gallery-item__overlay\"><\/div>\n\t\t\t\t\t\t\t\t\t\t\t\t\t\t<\/div>\n\t\t\t\t\t\t\t<div class=\"e-gallery-item elementor-gallery-item elementor-animated-content\">\n\t\t\t\t\t<div class=\"e-gallery-image elementor-gallery-item__image\" data-thumbnail=\"https:\/\/himodeloic.com\/wp-content\/uploads\/2026\/03\/OIC-Image.webp\" data-width=\"1200\" data-height=\"675\" aria-label=\"\" role=\"img\" ><\/div>\n\t\t\t\t\t\t\t\t\t\t\t<div class=\"elementor-gallery-item__overlay\"><\/div>\n\t\t\t\t\t\t\t\t\t\t\t\t\t\t<\/div>\n\t\t\t\t\t\t\t<div class=\"e-gallery-item elementor-gallery-item elementor-animated-content\">\n\t\t\t\t\t<div class=\"e-gallery-image elementor-gallery-item__image\" data-thumbnail=\"https:\/\/himodeloic.com\/wp-content\/uploads\/2026\/03\/OIC-Conference-2-scaled.jpg\" data-width=\"2560\" data-height=\"1431\" aria-label=\"\" role=\"img\" ><\/div>\n\t\t\t\t\t\t\t\t\t\t\t<div class=\"elementor-gallery-item__overlay\"><\/div>\n\t\t\t\t\t\t\t\t\t\t\t\t\t\t<\/div>\n\t\t\t\t\t<\/div>\n\t\t\t\t\t<\/div>\n\t\t\t\t<div class=\"elementor-element elementor-element-d50a5de elementor-widget elementor-widget-spacer\" data-id=\"d50a5de\" data-element_type=\"widget\" data-e-type=\"widget\" data-widget_type=\"spacer.default\">\n\t\t\t\t\t\t\t<div class=\"elementor-spacer\">\n\t\t\t<div class=\"elementor-spacer-inner\"><\/div>\n\t\t<\/div>\n\t\t\t\t\t\t<\/div>\n\t\t\t\t<\/div>\n\t\t\t\t\t<\/div>\n\t\t\t\t<\/div>\n\t\t\t\t<\/div>","protected":false},"excerpt":{"rendered":"<p>What is MOIC? Download MOIC Workshop Understanding the OIC The Organisation of Islamic Cooperation (OIC) is the second-largest intergovernmental organization in the world, representing 57 member states across Asia, Africa, Europe, and the Middle East. Established in 1969, the OIC works to promote solidarity, cooperation, and development among Muslim-majority countries, covering areas such as political [&hellip;]<\/p>\n","protected":false},"author":1,"featured_media":0,"parent":0,"menu_order":0,"comment_status":"closed","ping_status":"closed","template":"","meta":{"footnotes":""},"class_list":["post-910","page","type-page","status-publish","hentry"],"_links":{"self":[{"href":"https:\/\/himodeloic.com\/tr\/wp-json\/wp\/v2\/pages\/910","targetHints":{"allow":["GET"]}}],"collection":[{"href":"https:\/\/himodeloic.com\/tr\/wp-json\/wp\/v2\/pages"}],"about":[{"href":"https:\/\/himodeloic.com\/tr\/wp-json\/wp\/v2\/types\/page"}],"author":[{"embeddable":true,"href":"https:\/\/himodeloic.com\/tr\/wp-json\/wp\/v2\/users\/1"}],"replies":[{"embeddable":true,"href":"https:\/\/himodeloic.com\/tr\/wp-json\/wp\/v2\/comments?post=910"}],"version-history":[{"count":64,"href":"https:\/\/himodeloic.com\/tr\/wp-json\/wp\/v2\/pages\/910\/revisions"}],"predecessor-version":[{"id":2505,"href":"https:\/\/himodeloic.com\/tr\/wp-json\/wp\/v2\/pages\/910\/revisions\/2505"}],"wp:attachment":[{"href":"https:\/\/himodeloic.com\/tr\/wp-json\/wp\/v2\/media?parent=910"}],"curies":[{"name":"wp","href":"https:\/\/api.w.org\/{rel}","templated":true}]}}